{"id":1031,"date":"2016-04-06T10:26:59","date_gmt":"2016-04-06T09:26:59","guid":{"rendered":"https:\/\/casadoncarlos.com\/en\/activities\/rondreis-andalusie\/"},"modified":"2024-01-17T13:46:47","modified_gmt":"2024-01-17T12:46:47","slug":"tours-andalucia","status":"publish","type":"page","link":"https:\/\/staging.casadoncarlos.com\/en\/activities\/tours-andalucia\/","title":{"rendered":"Andalucia round trip"},"content":{"rendered":"<div class=\"wpb-content-wrapper\"><p>[vc_row][vc_column][vc_widget_sidebar show_bg=&#8221;false&#8221; sidebar_id=&#8221;sidebar_5&#8243; el_class=&#8221;menu-buttons&#8221;][\/vc_column][\/vc_row][vc_row][vc_column width=&#8221;1\/2&#8243;][vc_column_text]Andalucia round trip with Bed and Breakfast accommodation with just that little bit extra! Especially for you we have put together an interesting tour of Andalucia. You will stay at hand-picked B&amp;Bs where comfort, service and delicious food are paramount. All of our selected B&amp;B\u00b4s have something special to offer. Little extras you may not find in any of the run-of- the mill travel guides. Just to give you an idea of what may be on offer: guided bike tours in Malaga, horse or donkey rides through the unspoiled nature of the Axarquia, private visits to a fino bodega in Montilla, or personalized tapas tours of Granada. Not to mention a fun ride through Priego de Cordoba on a type of Segway. Our B&amp;Bs can arrange all these excursions and more, just for you. No need for endless searches for the best B&amp;Bs where you can spend the night in comfort. We have already found them for you!<\/p>\n<p><strong>Booking procedure round trip<\/strong><\/p>\n<p>This tour can be arranged according to your own wishes. You can decide in which order you want to visit each B&amp;B, provided you book at least two nights at each. You are not obliged to stay at all four B&amp;Bs<\/p>\n<p>You will pay the B&amp;B of your first arrival by a deposit as stated in the bookings confirmation.\u00a0All information about the rooms, rates and details of the bed &amp; breakfasts and their websites you find below. you make a selection of B&amp;B&#8217;s yourself (tip: 3 B&amp;B\u2019s = min.7 days, 4\/5 B&amp;B\u2019s = ca.10 days, 5\/7 B&amp;B\u2019s = ca.14 days)<\/p>\n<p>Though one\u00a0<strong>information form<\/strong>\u00a0you make the combination you want to visit, we shall inform our colleagues and make a proposal for you based on their availability<\/p>\n<p><strong>Availbility and flights<\/strong><\/p>\n<p>More info about your trip and the availabilty? Get in thouch with us: <a href=\"\/contact\">contact<\/a>. For this round trip you can chose to arrive at the airports of Sevilla or Malaga. For cheap flights we recommend <a href=\"http:\/\/www.anrdoezrs.net\/click-3401818-11075941\">Skyscanner<\/a>.[\/vc_column_text][vc_empty_space height=&#8221;20px&#8221;][vc_accordion active_tab=&#8221;false&#8221; style=&#8221;2&#8243;][vc_accordion_tab title=&#8221;Get to know our colleagues&#8230;&#8221;][vc_column_text]<\/p>\n<h3 class=\" center \">Cortijo La Haza<\/h3>\n<p>If you arrive at\u00a0 Malaga or Seville Airport or depart this can be your first or last stop: \u00a0Cortijo LaHaza<strong> (<\/strong><strong><a href=\"http:\/\/www.cortijolahaza.com\/\">www.cortijolahaza.com<\/a><\/strong><strong>)<\/strong> in Izn\u00e1jar, one of the authentic white villages in Southern C\u00f3rdoba. Your hostess Bernadette and talented chef Patriek will warmly welcome you. Together with their Spanish staff Carmen and Eli they will ensure your stay is wonderfully comfortable. The cortijo (farm) is about 10 km. from the village and is surrounded by olive groves as far as the eye can see. La Haza is ideally situated for trips to C\u00f3rdoba, Priego de C\u00f3rdoba and Antequera with the Torcal National Park. Granada with the world famous Alhambra is also within easy reach.<\/p>\n<h3>B&amp;B Casa Arena<\/h3>\n<p><strong><a href=\"https:\/\/bb-arena.com\/en\" target=\"_blank\" rel=\"noopener\">B&amp;B Casa Arena<\/a><\/strong>, be surprised by the beautiful (Andalusian) city of Seville. Enjoy the peace and pure relaxation in our comfortable house and beautiful garden with large swimming pool, several terraces and olive and pomegranate trees. Bed &amp; Breakfast Casa Arena, hosted by Ruud and Mandy, is located in a striking building, where typical Andalusian elements are combined with a modern and functional twist. In addition to our well-maintained rooms, there is a bodega where we serve an extensive breakfast buffet all year round, and lunch or dinner can be enjoyed if desired. Our goal is to provide all our guests with a wonderful holiday experience that you will look back on for a long time.<\/p>\n<h3 class=\" center \">Casa Paco<\/h3>\n<p><strong><a href=\"http:\/\/www.casapaco.eu\/nl\/\">B&amp;B Casa Paco<\/a><\/strong>\u00a0is an old converted farmhouse, located in the north of Andalusia, where you can spend the night in authentic, luxurious Spanish atmospheres. In addition to spacious modern rooms, each with an ensuite bathroom, there is a swimming pool, delightful terraces and an (outside) kitchen where traditional Spanish dishes are cooked. The bed and breakfast is on the outskirts of the lively village of Velez Rubio. Just a 15-minute walk away you will find (up to 40) cozy (tapas) restaurants and shops and it is also on the edge of the Sierra Maria-Los Velez National Park. You can alternate your stay with beautiful routes through the area (including Gabo de Gata or Castril), relax by the swimming pool, be active with the various (organized) outdoor activities (tip: cave descent) or follow a traditional tapas cooking workshop at Casa Paco self. Nothing is necessary, anything is possible!<\/p>\n<h3 class=\" center \"><strong>B&amp;B El Refugio<\/strong><\/h3>\n<p>Loving music, mountains and high peaks, nature, hiking, culture, sun, traveling to distant places and adventure, we have found our place here at the foot of the Maroma at Alcauc\u00edn, Axarqu\u00eda,\u00a0West of M\u00e1laga. Ria (Adriana) was born and raised in Berghem (North Brabant) and was raised with music. She turned her hobby &#8211; playing the clarinet &#8211; into her profession. In addition to making a lot of music herself, she gave clarinet lessons and for the past 7 years she has also been a music teacher full of passion for the classroom in primary education. Here in Spain, music is a hobby again and she is happy to tell you passionately about the many beautiful things that can be found here.Jan Theun is from Burgum in Friesland, studied business economics in Groningen and then worked in many places as an independent (project) controller. After an adventurous internship in Paris (1992), a world tour in 2002-2003, he now thought it was time for a new international adventure together with his &#8216;habibi&#8217; Adriana. Together we enjoy creating a beautiful and pleasant place <strong><a href=\"https:\/\/elrefugio-alcaucin.com\/en\" target=\"_blank\" rel=\"noopener\">B&amp;B El Refugio<\/a><\/strong> where everyone can feel at home and relax.<\/p>\n<h3 class=\" center \">Casa Limon<\/h3>\n<p><strong><a href=\"http:\/\/www.casalimon.info\">B&amp;B Casa Limon<\/a><\/strong> is located in Pinos del Valle between Motril and Granada, it is a picturesque white village (pueblo Blanco) in the Lecrin Valley, also known as the &#8220;Valley of Hapiness&#8221;. It is the ideal place for many hiking trails. At 20 km from the beaches of Motril and Salobrena (Costa Tropical), the Alpujarras Natural Park with its small Moorish white villages (Pampaneira, Sopurtugar, Trevelez) are definitely worth a visit. We are also located 30 km from the beautiful city of Granada, where a visit at the Alhambra and strolling through the Albaicin or attending a Flamengo show in Sacromonto &#8220;Los tarantos&#8221; should not be missed, it is just one of the many things you can do here!! Casa Limon has 3 tastefully decorated en-suite rooms, you can enjoy our fantastic roof terrace, the Jacuzzi is at the desired temperature all year round. We: Christa and Dominique enjoy making our guests feel at home, the ultimate holiday feeling, cozy atmosphere, passion for cooking&#8230; .in short, then this is \u201cthe place to be\u201d. We are looking forward to meeting you.<\/p>\n<h3 class=\" center \">Casa Don Carlos<\/h3>\n<p>The final or first stop on our B&amp;B tour is Casa Don Carlos <strong>(<\/strong><strong><a href=\"http:\/\/www.casadoncarlos.cm\/\">www.casadoncarlos.com<\/a><\/strong><strong>)<\/strong>, run by Carlo and Ronald just outside the village of Alhaurin El Grande. This village is situated at 30 km. from Malaga with its bustling port. The genial hosts know exactly how to make their guest feel completely at home. From Casa Don Carlos you can visit M\u00e1laga, Benalm\u00e1dena and Mijas and soak up the luxurious atmosphere of the Costa del Sol. Thanks to its proximity to M\u00e1laga airport Casa Don Carlos is the ideal place to relax after an eventful tour![\/vc_column_text][\/vc_accordion_tab][\/vc_accordion][vc_empty_space height=&#8221;20px&#8221;]<style type=\"text\/css\">#dt-btn-1 {color: #5c5c5c;background: #f2f2f2;}#dt-btn-1 > .text-wrap * {color: #5c5c5c;}#dt-btn-1:hover {color: #5c5c5c;background: #f2f2f2;}#dt-btn-1:hover > .text-wrap * {color: #5c5c5c;}<\/style><a href=\"\/en\/contact\" class=\"btn-shortcode dt-btn-m dt-btn custom-btn-color custom-btn-hover-color button-naast-elkaar\" id=\"dt-btn-1\"><span>Contact about tour<\/span><\/a>[\/vc_column][vc_column width=&#8221;1\/2&#8243;][vc_single_image image=&#8221;4636&#8243; img_size=&#8221;full&#8221; onclick=&#8221;link_image&#8221; title=&#8221;The map with locations in Andaluc\u00eda&#8221;][vc_empty_space height=&#8221;30px&#8221;][vc_tabs interval=&#8221;0&#8243; title_size=&#8221;normal&#8221; title=&#8221;Photos of the location&#8221;][vc_tab title=&#8221;La Haza&#8221; tab_id=&#8221;067c1ca0-470f-5&#8243;][vc_single_image image=&#8221;907&#8243; img_size=&#8221;full&#8221;][\/vc_tab][vc_tab title=&#8221;El Refugio&#8221; tab_id=&#8221;1460994581485-4-4&#8243;][vc_single_image image=&#8221;916&#8243; img_size=&#8221;full&#8221;][\/vc_tab][vc_tab title=&#8221;Casa Limon&#8221; tab_id=&#8221;1460994881005-5-3&#8243;][vc_single_image image=&#8221;4633&#8243; img_size=&#8221;full&#8221; onclick=&#8221;custom_link&#8221; link=&#8221;www.casalimon.info&#8221;][\/vc_tab][vc_tab tab_id=&#8221;1460995186272-6-6&#8243; title=&#8221;Casa Paco&#8221;][vc_single_image image=&#8221;1662&#8243; img_size=&#8221;full&#8221; title=&#8221;Laguna&#8221;][\/vc_tab][vc_tab title=&#8221;Don Carlos&#8221; tab_id=&#8221;1460995235691-7-3&#8243;][vc_single_image image=&#8221;553&#8243; img_size=&#8221;full&#8221;][\/vc_tab][vc_tab title=&#8221;B&amp;B Arena&#8221; tab_id=&#8221;1705494469252-5-4&#8243;][vc_single_image image=&#8221;1655&#8243; img_size=&#8221;full&#8221; onclick=&#8221;custom_link&#8221; link=&#8221;https:\/\/bb-arena.com\/en&#8221;][\/vc_tab][\/vc_tabs][\/vc_column][\/vc_row][vc_row margin_top=&#8221;50px&#8221; margin_bottom=&#8221;-50px&#8221; type=&#8221;1&#8243; padding_top=&#8221;50px&#8221; padding_bottom=&#8221;50px&#8221;][vc_column width=&#8221;2\/3&#8243;][vc_column_text css=&#8221;.vc_custom_1461323262578{padding-top: 10px !important;}&#8221;]<\/p>\n<h3>Start of end your round trip at Bed &amp; Breakfast Casa don Carlos!<\/h3>\n<p>[\/vc_column_text][\/vc_column][vc_column width=&#8221;1\/3&#8243;]<style type=\"text\/css\">#dt-btn-2 {color: #5c5c5c;background: #ffffff;}#dt-btn-2 > .text-wrap * {color: #5c5c5c;}#dt-btn-2:hover {color: #5c5c5c;background: #ffffff;}#dt-btn-2:hover > .text-wrap * {color: #5c5c5c;}<\/style><a href=\"\/en\/contact\" class=\"btn-shortcode dt-btn-m dt-btn custom-btn-color custom-btn-hover-color button-naast-elkaar\" id=\"dt-btn-2\"><span>Contact<\/span><\/a><a href=\"\/en\/reservation\/\" class=\"btn-shortcode dt-btn-m dt-btn default-btn-color default-btn-hover-color default-btn-bg-color default-btn-bg-hover-color\" id=\"dt-btn-3\"><span>Make a reservation<\/span><\/a>[\/vc_column][\/vc_row]<\/p>\n<\/div>","protected":false},"excerpt":{"rendered":"<p>[vc_row][vc_column][vc_widget_sidebar show_bg=&#8221;false&#8221; sidebar_id=&#8221;sidebar_5&#8243; el_class=&#8221;menu-buttons&#8221;][\/vc_column][\/vc_row][vc_row][vc_column width=&#8221;1\/2&#8243;][vc_column_text]Andalucia round trip with Bed and Breakfast accommodation with just that little bit extra! Especially for you we have put together an interesting tour of Andalucia. You will stay at hand-picked B&amp;Bs where comfort, service and delicious food are paramount. All of our selected B&amp;B\u00b4s have something special to offer. Little&hellip;<\/p>\n","protected":false},"author":1,"featured_media":0,"parent":878,"menu_order":0,"comment_status":"closed","ping_status":"closed","template":"","meta":{"_joinchat":[],"footnotes":""},"class_list":["post-1031","page","type-page","status-publish","hentry","description-off"],"_links":{"self":[{"href":"https:\/\/staging.casadoncarlos.com\/en\/wp-json\/wp\/v2\/pages\/1031","targetHints":{"allow":["GET"]}}],"collection":[{"href":"https:\/\/staging.casadoncarlos.com\/en\/wp-json\/wp\/v2\/pages"}],"about":[{"href":"https:\/\/staging.casadoncarlos.com\/en\/wp-json\/wp\/v2\/types\/page"}],"author":[{"embeddable":true,"href":"https:\/\/staging.casadoncarlos.com\/en\/wp-json\/wp\/v2\/users\/1"}],"replies":[{"embeddable":true,"href":"https:\/\/staging.casadoncarlos.com\/en\/wp-json\/wp\/v2\/comments?post=1031"}],"version-history":[{"count":20,"href":"https:\/\/staging.casadoncarlos.com\/en\/wp-json\/wp\/v2\/pages\/1031\/revisions"}],"predecessor-version":[{"id":4640,"href":"https:\/\/staging.casadoncarlos.com\/en\/wp-json\/wp\/v2\/pages\/1031\/revisions\/4640"}],"up":[{"embeddable":true,"href":"https:\/\/staging.casadoncarlos.com\/en\/wp-json\/wp\/v2\/pages\/878"}],"wp:attachment":[{"href":"https:\/\/staging.casadoncarlos.com\/en\/wp-json\/wp\/v2\/media?parent=1031"}],"curies":[{"name":"wp","href":"https:\/\/api.w.org\/{rel}","templated":true}]}}