{"id":1898,"date":"2017-10-12T15:36:23","date_gmt":"2017-10-12T14:36:23","guid":{"rendered":"https:\/\/casadoncarlos.com\/en\/aviso-legal-y-politica-privacidad\/"},"modified":"2018-06-17T18:53:22","modified_gmt":"2018-06-17T17:53:22","slug":"aviso-legal-y-politica-privacidad","status":"publish","type":"page","link":"https:\/\/staging.casadoncarlos.com\/en\/aviso-legal-y-politica-privacidad\/","title":{"rendered":"Aviso Legal-General Data Protection Regulation-AVG"},"content":{"rendered":"<div class=\"wpb-content-wrapper\"><p>[vc_row][vc_column][vc_single_image image=&#8221;2089&#8243; img_size=&#8221;full&#8221;][\/vc_column][\/vc_row][vc_row][vc_column width=&#8221;1\/2&#8243;][vc_column_text]<em>-Deze pagina is voor het laatst aangepast op 17 juni 2018-<\/em><\/p>\n<p>Wij zijn er van bewust dat je vertrouwen in ons stelt. Wij zien het dan ook als onze verantwoordelijkheid om je privacy te beschermen. Op deze pagina laten we je weten welke gegevens we verzamelen als je onze website gebruikt, waarom we deze gegevens verzamelen en hoe we hiermee uw gebruikservaring verbeteren.\u00a0Dit privacybeleid is van toepassing op de diensten van Caronald Guesthouse S.L. \/ B&amp;B Casa don Carlos. Je dient je ervan bewust te zijn dat\u00a0Caronald Guesthouse S.L. \/ B&amp;B Casa don Carlos niet verantwoordelijk is voor het privacybeleid van andere sites en bronnen op onze website. Door gebruik te maken van deze website geef je aan het privacy beleid te accepteren.\u00a0Caronald Guesthouse S.L. \/ B&amp;B Casa don Carlos respecteert de privacy van alle gebruikers van haar site en draagt er zorg voor dat de persoonlijke informatie die je ons verschaft vertrouwelijk wordt behandeld<\/p>\n<h1><strong>Privacy verklaring<\/strong><\/h1>\n<p>Caronald Guesthouse S.L. \/ B&amp;B Casa don Carlos (verder als CDC), gevestigd aan Lugar las Lomas s\/n 29120 Alhaurin el Grande (M\u00e0laga), is verantwoordelijk voor de verwerking van persoonsgegevens zoals weergegeven in deze privacyverklaring. Hiermee voldoen we aan de \/richtlijnen en eisen die gesteld zijn\u00a0in de Algemene verordening gegevensbescherming (AVG). Vanaf 25 mei 2018 geldt dezelfde privacywetgeving\u00a0General Data Protection Regulation (<wbr \/>GDPR) in de hele Europeesche Unie.<\/p>\n<h4>Contactgegevens:<\/h4>\n<p><em>Naam bedrijf:<\/em> Caronald Guesthouse S.L. \/ \/ B&amp;B Casa don Carlos<\/p>\n<p><em>BTW kenmerk:<\/em> ES-B92745553<\/p>\n<p><em>Website: <\/em>HTTPS:\/\/casadoncarlos.com<\/p>\n<p><em>Feitelijkadres:<\/em> Lugar las Lomas s\/n, 29120 Alhaurin el Grande (M\u00e0laga)<\/p>\n<p><em>Postadres:<\/em> Avda Constition 3 B071, 29120 Alhaurin el Grande (M\u00e0laga)<\/p>\n<p><em>Telefoon:<\/em> +34 951 56 10 19<\/p>\n<p><em>Functionaris Gegevensbescherming:<\/em> Carlo van den Nieuwenhuijzen<\/p>\n<p><em>Te bereiken via:<\/em> info@casadoncarlos.com<\/p>\n<h4><strong>Persoonsgegevens die wij verwerken<\/strong><\/h4>\n<p>CDC verwerkt je persoonsgegevens doordat je gebruik maakt van onze diensten en\/of omdat je deze gegevens zelf aan ons verstrekt middels contact- en of reserveringsformulieren. Een overzicht van de persoonsgegevens die wij verwerken: &#8211; Voor- en achternaam &#8211; Geslacht &#8211; Geboortedatum &#8211; Adresgegevens &#8211; Telefoonnummer &#8211; E-mailadres &#8211; \u00a0rijbewijsnummer &#8211; paspoortnummer \u2013 creditcardnummer &#8211; inschrijving nieuwsbrief &#8211; IP-adres &#8211; toestemmingen.<\/p>\n<h4><strong>Met\u00a0<\/strong><strong>welk doel en op basis van welke grondslag verwerkt CDC persoonsgegevens<\/strong><\/h4>\n<p>&#8211; Het afhandelen van jouw reservering en eventueel je betaling &#8211; Verzenden van onze nieuwsbrief &#8211; Je te kunnen bellen of e-mailen indien dit nodig is om onze dienstverlening uit te kunnen voeren &#8211; Je te informeren over eventuele wijzigingen in onze diensten &#8211; CDC verwerkt ook persoonsgegevens als wij hier wettelijk toe verplicht zijn, zoals gegevens die wij nodig hebben voor onze belastingaangifte of het verstrekken van gegevens aan Politie of andere bevoegde diensten. &#8211;\u00a0Als bezoekers reacties achterlaten op de site, verzamelen we de gegevens getoond in het reactieformulier, het IP-adres van de bezoeker en de browser user agent om te helpen spam te detecteren.<\/p>\n<h4><strong>Geautomatiseerde besluitvorming<\/strong><\/h4>\n<p>CDC neemt niet op basis van geautomatiseerde verwerkingen besluiten over zaken die (aanzienlijke) gevolgen kunnen hebben voor personen. Het gaat hier om besluiten die worden genomen door computerprogramma&#8217;s of -systemen, zonder dat daar een mens (bijvoorbeeld een medewerker van CDC) tussen zit. CDC gebruikt de volgende computerprogramma&#8217;s of -systemen: <strong>Microsoft-Access<\/strong> voor het generen van correspondentie ten behoeve van bevestigingen voor jou, interne overzichten voor CDC. <strong>MicroSoft-Outlook<\/strong> voor het sturen van emails, <strong>MicroSoft Excel<\/strong> voor het reserveringsoverzicht waar je naam, klant- en reserveringsnummer vermeld staat.<\/p>\n<h4><strong>Hoe lang we persoonsgegevens bewaren<\/strong><\/h4>\n<p>CDC bewaart je persoonsgegevens om de doelen te realiseren waarvoor je gegevens worden verzameld. De gegevens worden oneindig op geslagen om bij terugkeer de verwerking van je reservering te vergemakkelijken, je gaat hiermee akkoord bij het vastleggen van je reservering.<\/p>\n<p>Indien je wenst dit te veranderen verzoeken we je een email te sturen aan info@casadoncarlos.com.<\/p>\n<h4><strong>Delen van persoonsgegevens met derden<\/strong><\/h4>\n<p>CDC verstrekt uitsluitend aan derden en alleen als dit nodig is voor de uitvoering van onze overeenkomst met jou of om te voldoen aan een wettelijke verplichting.<\/p>\n<p>Bijvoorbeeld voor het vastleggen van autohuur, aankoop kaarten voor evenementen.<\/p>\n<p>Caminito de Rey &#8211;\u00a0SERVICIOS CULTURALES DESEO, S.L. &#8211; https:\/\/reservas.caminitodelrey.info\/aviso-legal\/<\/p>\n<p>Alhambra &#8211;\u00a0Patronato de la Alhambra y el Generalife &#8211;\u00a0https:\/\/tickets.alhambra-patronato.es\/aviso-legal\/<\/p>\n<p>Tony&#8217;s Rent a Car &#8211;\u00a0http:\/\/tonysrentacar.com\/docspdf\/Conditions_en.pdf<\/p>\n<p>BAJA Bikes &#8211;\u00a0Citytours &amp; Dreams S.L &#8211; https:\/\/www.bajabikes.eu\/nl\/privacyverklaring\/<\/p>\n<p>Laposta nieuwsbrieven &#8211;\u00a0https:\/\/laposta.nl\/privacy-statement<\/p>\n<h4><strong>Cookies, of vergelijkbare technieken, die wij gebruiken<\/strong><\/h4>\n<p>Caronald Guesthouse S.L. \/ B&amp;B Casa don Carlos gebruikt alleen technische en functionele cookies en analytische cookies die geen inbreuk maken op je privacy. Een cookie is een klein tekstbestand dat bij het eerste bezoek aan deze website wordt opgeslagen op jouw computer, tablet of smartphone. De cookies die wij gebruiken zijn noodzakelijk voor de technische werking van de website en jouw gebruiksgemak. Ze zorgen ervoor dat de website naar behoren werkt en onthouden bijvoorbeeld jouw voorkeursinstellingen. Ook kunnen wij hiermee onze website optimaliseren. Je kunt je afmelden voor cookies door je internetbrowser zo in te stellen dat deze geen cookies meer opslaat. Daarnaast kun je ook alle informatie die eerder is opgeslagen via de instellingen van je browser verwijderen.<\/p>\n<p>Berichten van derden op deze site kunnen ingesloten (embedded) inhoud bevatten (bijvoorbeeld video&#8217;s, afbeeldingen, berichten, etc.). Ingesloten inhoud van andere websites gedraagt zich exact hetzelfde alsof je deze andere website hebt bezocht.\u00a0Deze websites kunnen data over jou verzamelen, cookies gebruiken, tracking van derde partijen insluiten en je interactie met deze ingesloten inhoud monitoren, inclusief de interactie met ingesloten inhoud als je een account hebt en ingelogd bent op die website.<\/p>\n<h4><strong>Gegevens inzien, aanpassen of verwijderen<\/strong><\/h4>\n<p>Je hebt het recht om je persoonsgegevens in te zien, te corrigeren of te verwijderen. Daarnaast heb je het recht om je eventuele toestemming voor de gegevensverwerking in te trekken of bezwaar te maken tegen de verwerking van jouw persoonsgegevens door CDC en heb je het recht op gegevensoverdraagbaarheid. Dat betekent dat je bij ons een verzoek kan indienen om de persoonsgegevens die wij van jou beschikken in een computerbestand naar jou of een ander, door jou genoemde organisatie, te sturen.<\/p>\n<p>Je kunt een verzoek tot inzage, correctie, verwijdering, gegevensoverdraging van je persoonsgegevens of verzoek tot intrekking van je toestemming of bezwaar op de verwerking van jouw persoonsgegevens sturen naar info@casadoncarlos.com.<\/p>\n<p>Om er zeker van te zijn dat het verzoek tot inzage door jou is gedaan, vragen wij jou een kopie van je identiteitsbewijs met het verzoek mee te sturen. Maak in deze kopie je pasfoto, MRZ (machine readable zone, de strook met nummers onderaan het paspoort), paspoortnummer en Burgerservicenummer (BSN) zwart. Dit ter bescherming van je privacy.<\/p>\n<p>We reageren zo snel mogelijk, maar binnen vier weken, op jouw verzoek. CDC wil je er tevens op wijzen dat je de mogelijkheid hebt om een klacht in te dienen bij de nationale toezichthouder, de Autoriteit Persoonsgegevens. Dat kan via de volgende link: https:\/\/autoriteitpersoonsgegevens.nl\/nl\/contact-met-de-autoriteit-persoonsgegevens\/tip-ons<\/p>\n<p>Voor het afmelden of wijzigen van je gegevens voor <strong>onze Nieuwsbrief<\/strong> is het mogelijk om met een bijgevoegde link ten allen tijden je gegevens te veranderen of je af te melden.<\/p>\n<h4><strong>Hoe wij persoonsgegevens beveiligen<\/strong><\/h4>\n<p>CDC neemt de bescherming van jouw gegevens zeer serieus en neemt passende maatregelen om misbruik, verlies, onbevoegde toegang, ongewenste openbaarmaking en ongeoorloofde wijziging tegen te gaan. Als jij het idee hebt dat jouw gegevens toch niet goed beveiligd zijn of er aanwijzingen zijn van misbruik, neem dan contact op via info@casadoncarlos.com[\/vc_column_text][\/vc_column][vc_column width=&#8221;1\/2&#8243;][vc_column_text]<\/p>\n<h1>Aviso legal<\/h1>\n<div class=\"entry-content\">\n<h4>DATOS GENERALES<\/h4>\n<p><strong>De acuerdo con el art\u00edculo 10 de la Ley 34\/2002, de 11 de julio, de Servicios de la Sociedad de la Informaci\u00f3n y de Comercio Electr\u00f3nico ponemos a su disposici\u00f3n los siguientes datos:<\/strong><\/p>\n<p>Caronald Guesthouse S.L. (siguente B&amp;B Casa don Carlos) est\u00e1 domiciliada en la calle Avda de la Constituci\u00f3n 3 B071, 29120 Alhaurin el Grande, con CIF ES-B92745553. Inscrita en el Registro Mercantil de M\u00e1laga, Vol. 4113, Folio 168, Secci\u00f3n 8, Hoja 86089, Inscripci\u00f3n 1.<\/p>\n<p>En la web HTTPS:\/\/www.casadoncarlos.com hay una serie de contenidos de car\u00e1cter informativo sobre Hosperder\u00eda y Turismo.<\/p>\n<p><strong>Su principal objetivo<\/strong>\u00a0es facilitar a los clientes y al p\u00fablico en general, la informaci\u00f3n relativa a la empresa, a los productos y servicios que se ofrecen.<\/p>\n<h4>POL\u00cdTICA DE PRIVACIDAD<\/h4>\n<p>En cumplimiento de lo dispuesto en\u00a0<strong>la Ley Org\u00e1nica 15\/1999, de 13 de Diciembre, de Protecci\u00f3n de Datos de Car\u00e1cter Personal (LOPD)\u00a0<\/strong>se informa al usuario que todos los datos que nos proporcione ser\u00e1n incorporados a un fichero, creado y mantenido bajo la responsabilidad de B&amp;B Casa don Carlos.<\/p>\n<p>Siempre<strong>\u00a0se va a respetar la confidencialidad de sus datos personales <\/strong>que s\u00f3lo ser\u00e1n utilizados con la finalidad de gestionar los servicios ofrecidos, atender a las solicitudes que nos plantee, realizar tareas administrativas, as\u00ed como remitir informaci\u00f3n t\u00e9cnica, comercial o publicitaria por v\u00eda ordinaria o electr\u00f3nica.<\/p>\n<p>Para ejercer sus\u00a0<strong>derechos de oposici\u00f3n, rectificaci\u00f3n o cancelaci\u00f3n <\/strong>deber\u00e1 dirigirse a la sede de la empresa B&amp;B Casa don Carlos, escribirnos al siguiente correo info@casadoncarlos.com o ll\u00e1manos al 0034 669 945 046.<\/p>\n<h4>CONDICIONES DE USO<\/h4>\n<p><strong>Las condiciones de acceso y uso del presente sitio web se rigen por la legalidad vigente y por el principio de buena fe<\/strong>\u00a0comprometi\u00e9ndose el usuario a realizar un buen uso de la web. No se permiten conductas que vayan contra la ley, los derechos o intereses de terceros.<\/p>\n<p>Ser usuario de la web de www.casadoncarlos.com implica que reconoce haber le\u00eddo y aceptado las presentes condiciones y lo que las extienda la normativa legal aplicable en esta materia. Si por el motivo que fuere no est\u00e1 de acuerdo con estas condiciones no contin\u00fae usando esta web.<\/p>\n<p><strong>Cualquier tipo de notificaci\u00f3n y\/o reclamaci\u00f3n solamente ser\u00e1 v\u00e1lida por notificaci\u00f3n escrita y\/o correo certificado.<\/strong><\/p>\n<h4>RESPONSABILIDADES<\/h4>\n<p>B&amp;B Casa don Carlos <strong>no se hace responsable de la informaci\u00f3n y contenidos almacenados en foros, redes sociales o cualesquier otro medio<\/strong>\u00a0que permita a terceros publicar contenidos de forma independiente en la p\u00e1gina web del prestador.<\/p>\n<p>Sin embargo, teniendo en cuenta los art. 11 y 16 de la LSSI-CE, B&amp;B Casa don Carlos<strong> se compromete a la retirada o en su caso bloqueo de aquellos contenidos que pudieran afectar o contravenir la legislaci\u00f3n nacional o internacional<\/strong>, derechos de terceros o la moral y el orden p\u00fablico.<\/p>\n<p><strong>Tampoco la empresa se responsabilizar\u00e1 de los da\u00f1os y perjuicios que se produzcan por fallos o malas configuraciones del software instalado en el ordenador del internauta.<\/strong>\u00a0Se excluye toda responsabilidad por alguna incidencia t\u00e9cnica o fallo que se produzca cuando el usuario se conecte a internet. Igualmente no se garantiza la inexistencia de interrupciones o errores en el acceso al sitio web.<\/p>\n<p>As\u00ed mismo, B&amp;B Casa don Carlos <strong>se reserva el derecho a actualizar, modificar o eliminar la informaci\u00f3n contenida en su p\u00e1gina web<\/strong>, as\u00ed como la configuraci\u00f3n o presentaci\u00f3n del mismo, en cualquier momento sin asumir alguna responsabilidad por ello.<\/p>\n<p>Le comunicamos que cualquier precio que pueda ver en nuestra web ser\u00e1 solamente orientativo. Si el usuario desea saber con exactitud el precio o si el producto en el momento actual cuenta con alguna oferta de la cual se puede beneficiar ha de acudir a alguna de las tiendas f\u00edsicas con las que cuenta B&amp;B Casa don Carlos.<\/p>\n<h4>PROPIEDAD INTELECTUAL E INDUSTRIAL<\/h4>\n<p>B&amp;B Casa don Carlos<strong> es titular de todos los derechos sobre el software de la publicaci\u00f3n digital as\u00ed como de los derechos de propiedad industrial e intelectual referidos a los contenidos que se incluyan<\/strong>, a excepci\u00f3n de los derechos sobre productos y servicios de car\u00e1cter p\u00fablico que no son propiedad de esta empresa.<\/p>\n<p><strong>Ning\u00fan material publicado en esta web podr\u00e1 ser reproducido, copiado o publicado<\/strong>\u00a0sin el consentimiento por escrito de B&amp;B Casa don Carlos<\/p>\n<p><strong>Toda la informaci\u00f3n que se reciba en la web, como comentarios, sugerencias o ideas, se considerar\u00e1 cedida<\/strong>\u00a0a B&amp;B Casa don Carlos de manera gratuita. No debe enviarse informaci\u00f3n que NO pueda ser tratada de este modo.<\/p>\n<p>Todos los productos y servicios de estas p\u00e1ginas que NO son propiedad de B&amp;B Casa don Carlos son marcas registradas de sus respectivos propietarios y son reconocidas como tales por nuestra empresa. Solamente aparecen en la web de B&amp;B Casa don Carlos a efectos de promoci\u00f3n y de recopilaci\u00f3n de informaci\u00f3n. Estos propietarios pueden solicitar la modificaci\u00f3n o eliminaci\u00f3n de la informaci\u00f3n que les pertenece.<\/p>\n<h4>LEY APLICABLE Y JURISDICCI\u00d3N<\/h4>\n<p><strong>Las presentes condiciones generales se rigen por la legislaci\u00f3n espa\u00f1ola.<\/strong>\u00a0Para cualquier litigio que pudiera surgir relacionado con el sitio web o la actividad que en \u00e9l se desarrolla ser\u00e1n competentes Juzgados de Co\u00edn, renunciando expresamente el usuario a cualquier otro fuero que pudiera corresponderle.<\/p>\n<h4>POL\u00cdTICA DE COOKIES<\/h4>\n<p>B&amp;B Casa don Carlos <strong>por su propia cuenta o la de un tercero contratado para prestaci\u00f3n de servicios de medici\u00f3n, pueden utilizar cookies cuando el usuario navega por el sitio web. Las cookies son ficheros enviados al navegador por medio de un servicio web con la finalidad de registrar las actividades del usuario durante su tiempo de navegaci\u00f3n.<\/strong><\/p>\n<p>Las cookies utilizadas se asocian \u00fanicamente con un usuario an\u00f3nimo y su ordenador, y no proporcionan por s\u00ed mismas los datos personales del usuario.<\/p>\n<p><strong>Mediante el uso de las cookies resulta posible que el servidor donde se encuentra la web reconozca el navegador web utilizado por el usuario con la finalidad de que la navegaci\u00f3n sea m\u00e1s sencilla.\u00a0<\/strong>Se utilizan tambi\u00e9n para medir la audiencia y par\u00e1metros del tr\u00e1fico, controlar el proceso y n\u00famero de entradas.<\/p>\n<p><strong>El usuario tiene la posibilidad de configurar su navegador para ser avisado de la recepci\u00f3n de cookies y para impedir su instalaci\u00f3n en su equipo.<\/strong>\u00a0Por favor consulte las instrucciones y manuales de su navegador para ampliar esta informaci\u00f3n.<\/p>\n<p>Para utilizar el sitio web no es necesario que el usuario permita la instalaci\u00f3n de las cookies enviadas al sitio web, o el tercero que act\u00fae en su nombre, sin perjuicio de que sea necesario que el usuario inicie una sesi\u00f3n tal en cada uno de los servicios cuya prestaci\u00f3n requiera el previo registro.<\/p>\n<p>En todo caso\u00a0<strong>las cookies tienen un car\u00e1cter temporal<\/strong>\u00a0con la \u00fanica finalidad de hacer m\u00e1s eficaz su transmisi\u00f3n ulterior. En ning\u00fan caso se utilizar\u00e1 cookies para recoger informaci\u00f3n de car\u00e1cter personal.<\/p>\n<\/div>\n<p>[\/vc_column_text][\/vc_column][\/vc_row]<\/p>\n<\/div>","protected":false},"excerpt":{"rendered":"<p>[vc_row][vc_column][vc_single_image image=&#8221;2089&#8243; img_size=&#8221;full&#8221;][\/vc_column][\/vc_row][vc_row][vc_column width=&#8221;1\/2&#8243;][vc_column_text]-Deze pagina is voor het laatst aangepast op 17 juni 2018- Wij zijn er van bewust dat je vertrouwen in ons stelt. Wij zien het dan ook als onze verantwoordelijkheid om je privacy te beschermen. Op deze pagina laten we je weten welke gegevens we verzamelen als je onze website gebruikt, waarom&hellip;<\/p>\n","protected":false},"author":2,"featured_media":0,"parent":0,"menu_order":0,"comment_status":"closed","ping_status":"closed","template":"","meta":{"_joinchat":[],"footnotes":""},"class_list":["post-1898","page","type-page","status-publish","hentry","description-off"],"_links":{"self":[{"href":"https:\/\/staging.casadoncarlos.com\/en\/wp-json\/wp\/v2\/pages\/1898","targetHints":{"allow":["GET"]}}],"collection":[{"href":"https:\/\/staging.casadoncarlos.com\/en\/wp-json\/wp\/v2\/pages"}],"about":[{"href":"https:\/\/staging.casadoncarlos.com\/en\/wp-json\/wp\/v2\/types\/page"}],"author":[{"embeddable":true,"href":"https:\/\/staging.casadoncarlos.com\/en\/wp-json\/wp\/v2\/users\/2"}],"replies":[{"embeddable":true,"href":"https:\/\/staging.casadoncarlos.com\/en\/wp-json\/wp\/v2\/comments?post=1898"}],"version-history":[{"count":9,"href":"https:\/\/staging.casadoncarlos.com\/en\/wp-json\/wp\/v2\/pages\/1898\/revisions"}],"predecessor-version":[{"id":2200,"href":"https:\/\/staging.casadoncarlos.com\/en\/wp-json\/wp\/v2\/pages\/1898\/revisions\/2200"}],"wp:attachment":[{"href":"https:\/\/staging.casadoncarlos.com\/en\/wp-json\/wp\/v2\/media?parent=1898"}],"curies":[{"name":"wp","href":"https:\/\/api.w.org\/{rel}","templated":true}]}}